{"id":287,"date":"2020-03-17T16:01:56","date_gmt":"2020-03-17T16:01:56","guid":{"rendered":"https:\/\/santiagotrigueros.com\/?page_id=287"},"modified":"2020-12-15T16:13:22","modified_gmt":"2020-12-15T16:13:22","slug":"peticion","status":"publish","type":"page","link":"https:\/\/santiagotrigueros.com\/index.php\/peticion\/","title":{"rendered":"Licencias"},"content":{"rendered":"\t\t<div data-elementor-type=\"wp-page\" data-elementor-id=\"287\" class=\"elementor elementor-287\">\n\t\t\t\t\t\t<section class=\"elementor-section elementor-top-section elementor-element elementor-element-5523cd3 elementor-section-boxed elementor-section-height-default elementor-section-height-default\" data-id=\"5523cd3\" data-element_type=\"section\" data-e-type=\"section\">\n\t\t\t\t\t\t<div class=\"elementor-container elementor-column-gap-default\">\n\t\t\t\t\t<div class=\"elementor-column elementor-col-100 elementor-top-column elementor-element elementor-element-777095b\" data-id=\"777095b\" data-element_type=\"column\" data-e-type=\"column\">\n\t\t\t<div class=\"elementor-widget-wrap elementor-element-populated\">\n\t\t\t\t\t\t<section class=\"elementor-section elementor-inner-section elementor-element elementor-element-51ebdb6 elementor-section-boxed elementor-section-height-default elementor-section-height-default\" data-id=\"51ebdb6\" data-element_type=\"section\" data-e-type=\"section\">\n\t\t\t\t\t\t<div class=\"elementor-container elementor-column-gap-default\">\n\t\t\t\t\t<div class=\"elementor-column elementor-col-50 elementor-inner-column elementor-element elementor-element-4d77c40\" data-id=\"4d77c40\" data-element_type=\"column\" data-e-type=\"column\">\n\t\t\t<div class=\"elementor-widget-wrap elementor-element-populated\">\n\t\t\t\t\t\t<div class=\"elementor-element elementor-element-2d838d2 elementor-widget elementor-widget-heading\" data-id=\"2d838d2\" data-element_type=\"widget\" data-e-type=\"widget\" data-widget_type=\"heading.default\">\n\t\t\t\t<div class=\"elementor-widget-container\">\n\t\t\t\t\t<h2 class=\"elementor-heading-title elementor-size-default\">LICENCIA<\/h2>\t\t\t\t<\/div>\n\t\t\t\t<\/div>\n\t\t\t\t<div class=\"elementor-element elementor-element-643c42c elementor-widget elementor-widget-text-editor\" data-id=\"643c42c\" data-element_type=\"widget\" data-e-type=\"widget\" data-widget_type=\"text-editor.default\">\n\t\t\t\t<div class=\"elementor-widget-container\">\n\t\t\t\t\t\t\t\t\t<p>Puede obtener una licencia de uso para una de mis obras ya creadas.<\/p>\t\t\t\t\t\t\t\t<\/div>\n\t\t\t\t<\/div>\n\t\t\t\t\t<\/div>\n\t\t<\/div>\n\t\t\t\t<div class=\"elementor-column elementor-col-50 elementor-inner-column elementor-element elementor-element-650d9a6\" data-id=\"650d9a6\" data-element_type=\"column\" data-e-type=\"column\">\n\t\t\t<div class=\"elementor-widget-wrap elementor-element-populated\">\n\t\t\t\t\t\t<div class=\"elementor-element elementor-element-f6a0193 elementor-widget elementor-widget-heading\" data-id=\"f6a0193\" data-element_type=\"widget\" data-e-type=\"widget\" data-widget_type=\"heading.default\">\n\t\t\t\t<div class=\"elementor-widget-container\">\n\t\t\t\t\t<h2 class=\"elementor-heading-title elementor-size-default\">BAJO DEMANDA<\/h2>\t\t\t\t<\/div>\n\t\t\t\t<\/div>\n\t\t\t\t<div class=\"elementor-element elementor-element-0bde4f5 elementor-widget elementor-widget-text-editor\" data-id=\"0bde4f5\" data-element_type=\"widget\" data-e-type=\"widget\" data-widget_type=\"text-editor.default\">\n\t\t\t\t<div class=\"elementor-widget-container\">\n\t\t\t\t\t\t\t\t\t<p>Composici\u00f3n musical bajo demanda para crear la m\u00fasica que usted desee. Tr\u00e1ilers, pel\u00edculas, cortos, videojuegos&#8230; sea cual sea el proyecto que tiene en mente, escr\u00edbame y le dar\u00e9 un presupuesto acorde.<\/p><p>Composici\u00f3n, producci\u00f3n, mezcla y m\u00e1ster. Expl\u00edqueme su idea y le entregar\u00e9 un tema musical profesional listo para ser utilizado.<\/p>\t\t\t\t\t\t\t\t<\/div>\n\t\t\t\t<\/div>\n\t\t\t\t\t<\/div>\n\t\t<\/div>\n\t\t\t\t\t<\/div>\n\t\t<\/section>\n\t\t\t\t<div class=\"elementor-element elementor-element-894d5af elementor-widget elementor-widget-text-editor\" data-id=\"894d5af\" data-element_type=\"widget\" data-e-type=\"widget\" data-widget_type=\"text-editor.default\">\n\t\t\t\t<div class=\"elementor-widget-container\">\n\t\t\t\t\t\t\t\t\t<p style=\"text-align: center;\">Si desea m\u00e1s informaci\u00f3n, contacte conmigo pulsando el bot\u00f3n inferior.<\/p>\t\t\t\t\t\t\t\t<\/div>\n\t\t\t\t<\/div>\n\t\t\t\t<div class=\"elementor-element elementor-element-b449927 elementor-align-center elementor-widget elementor-widget-button\" data-id=\"b449927\" data-element_type=\"widget\" data-e-type=\"widget\" data-widget_type=\"button.default\">\n\t\t\t\t<div class=\"elementor-widget-container\">\n\t\t\t\t\t\t\t\t\t<div class=\"elementor-button-wrapper\">\n\t\t\t\t\t<a class=\"elementor-button elementor-button-link elementor-size-sm\" href=\"https:\/\/santiagotrigueros.com\/index.php\/contacto\/\">\n\t\t\t\t\t\t<span class=\"elementor-button-content-wrapper\">\n\t\t\t\t\t\t\t\t\t<span class=\"elementor-button-text\">Contacto<\/span>\n\t\t\t\t\t<\/span>\n\t\t\t\t\t<\/a>\n\t\t\t\t<\/div>\n\t\t\t\t\t\t\t\t<\/div>\n\t\t\t\t<\/div>\n\t\t\t\t\t<\/div>\n\t\t<\/div>\n\t\t\t\t\t<\/div>\n\t\t<\/section>\n\t\t\t\t<\/div>\n\t\t","protected":false},"excerpt":{"rendered":"<p>LICENCIA Puede obtener una licencia de uso para una de mis obras ya creadas. BAJO DEMANDA Composici\u00f3n musical bajo demanda para crear la m\u00fasica que usted desee. Tr\u00e1ilers, pel\u00edculas, cortos, videojuegos&#8230; sea cual sea el proyecto que tiene en mente, escr\u00edbame y le dar\u00e9 un presupuesto acorde. Composici\u00f3n, producci\u00f3n, mezcla y m\u00e1ster. Expl\u00edqueme su idea [&hellip;]<\/p>\n","protected":false},"author":1,"featured_media":0,"parent":0,"menu_order":0,"comment_status":"closed","ping_status":"closed","template":"","meta":{"footnotes":""},"class_list":["post-287","page","type-page","status-publish","hentry"],"yoast_head":"<!-- This site is optimized with the Yoast SEO plugin v27.4 - https:\/\/yoast.com\/product\/yoast-seo-wordpress\/ -->\n<title>Licencias - Santiago Trigueros Composer<\/title>\n<meta name=\"robots\" content=\"index, follow, max-snippet:-1, max-image-preview:large, max-video-preview:-1\" \/>\n<link rel=\"canonical\" href=\"https:\/\/santiagotrigueros.com\/index.php\/peticion\/\" \/>\n<meta property=\"og:locale\" content=\"es_ES\" \/>\n<meta property=\"og:type\" content=\"article\" \/>\n<meta property=\"og:title\" content=\"Licencias - Santiago Trigueros Composer\" \/>\n<meta property=\"og:description\" content=\"LICENCIA Puede obtener una licencia de uso para una de mis obras ya creadas. BAJO DEMANDA Composici\u00f3n musical bajo demanda para crear la m\u00fasica que usted desee. Tr\u00e1ilers, pel\u00edculas, cortos, videojuegos&#8230; sea cual sea el proyecto que tiene en mente, escr\u00edbame y le dar\u00e9 un presupuesto acorde. Composici\u00f3n, producci\u00f3n, mezcla y m\u00e1ster. Expl\u00edqueme su idea [&hellip;]\" \/>\n<meta property=\"og:url\" content=\"https:\/\/santiagotrigueros.com\/index.php\/peticion\/\" \/>\n<meta property=\"og:site_name\" content=\"Santiago Trigueros Composer\" \/>\n<meta property=\"article:modified_time\" content=\"2020-12-15T16:13:22+00:00\" \/>\n<meta property=\"og:image\" content=\"https:\/\/i0.wp.com\/santiagotrigueros.com\/wp-content\/uploads\/2020\/08\/cropped-cropped-nota-de-prensa-hmma-2020-3.jpg?fit=1920%2C1079&ssl=1\" \/>\n\t<meta property=\"og:image:width\" content=\"1920\" \/>\n\t<meta property=\"og:image:height\" content=\"1079\" \/>\n\t<meta property=\"og:image:type\" content=\"image\/jpeg\" \/>\n<meta name=\"twitter:card\" content=\"summary_large_image\" \/>\n<script type=\"application\/ld+json\" class=\"yoast-schema-graph\">{\"@context\":\"https:\\\/\\\/schema.org\",\"@graph\":[{\"@type\":\"WebPage\",\"@id\":\"https:\\\/\\\/santiagotrigueros.com\\\/index.php\\\/peticion\\\/\",\"url\":\"https:\\\/\\\/santiagotrigueros.com\\\/index.php\\\/peticion\\\/\",\"name\":\"Licencias - Santiago Trigueros Composer\",\"isPartOf\":{\"@id\":\"https:\\\/\\\/santiagotrigueros.com\\\/#website\"},\"datePublished\":\"2020-03-17T16:01:56+00:00\",\"dateModified\":\"2020-12-15T16:13:22+00:00\",\"breadcrumb\":{\"@id\":\"https:\\\/\\\/santiagotrigueros.com\\\/index.php\\\/peticion\\\/#breadcrumb\"},\"inLanguage\":\"es\",\"potentialAction\":[{\"@type\":\"ReadAction\",\"target\":[\"https:\\\/\\\/santiagotrigueros.com\\\/index.php\\\/peticion\\\/\"]}]},{\"@type\":\"BreadcrumbList\",\"@id\":\"https:\\\/\\\/santiagotrigueros.com\\\/index.php\\\/peticion\\\/#breadcrumb\",\"itemListElement\":[{\"@type\":\"ListItem\",\"position\":1,\"name\":\"Home\",\"item\":\"https:\\\/\\\/santiagotrigueros.com\\\/\"},{\"@type\":\"ListItem\",\"position\":2,\"name\":\"Licencias\"}]},{\"@type\":\"WebSite\",\"@id\":\"https:\\\/\\\/santiagotrigueros.com\\\/#website\",\"url\":\"https:\\\/\\\/santiagotrigueros.com\\\/\",\"name\":\"Santiago Trigueros Composer\",\"description\":\"SANTIAGOTRIGUEROS.COM\",\"publisher\":{\"@id\":\"https:\\\/\\\/santiagotrigueros.com\\\/#\\\/schema\\\/person\\\/bd1efe6fcc415973693b0420e99218be\"},\"potentialAction\":[{\"@type\":\"SearchAction\",\"target\":{\"@type\":\"EntryPoint\",\"urlTemplate\":\"https:\\\/\\\/santiagotrigueros.com\\\/?s={search_term_string}\"},\"query-input\":{\"@type\":\"PropertyValueSpecification\",\"valueRequired\":true,\"valueName\":\"search_term_string\"}}],\"inLanguage\":\"es\"},{\"@type\":[\"Person\",\"Organization\"],\"@id\":\"https:\\\/\\\/santiagotrigueros.com\\\/#\\\/schema\\\/person\\\/bd1efe6fcc415973693b0420e99218be\",\"name\":\"admin\",\"image\":{\"@type\":\"ImageObject\",\"inLanguage\":\"es\",\"@id\":\"https:\\\/\\\/secure.gravatar.com\\\/avatar\\\/87966ebf0130a0cb7460bc8e4e2436bd11d03baef3ffee6f647697a36fbeafe5?s=96&d=mm&r=g\",\"url\":\"https:\\\/\\\/secure.gravatar.com\\\/avatar\\\/87966ebf0130a0cb7460bc8e4e2436bd11d03baef3ffee6f647697a36fbeafe5?s=96&d=mm&r=g\",\"contentUrl\":\"https:\\\/\\\/secure.gravatar.com\\\/avatar\\\/87966ebf0130a0cb7460bc8e4e2436bd11d03baef3ffee6f647697a36fbeafe5?s=96&d=mm&r=g\",\"caption\":\"admin\"},\"logo\":{\"@id\":\"https:\\\/\\\/secure.gravatar.com\\\/avatar\\\/87966ebf0130a0cb7460bc8e4e2436bd11d03baef3ffee6f647697a36fbeafe5?s=96&d=mm&r=g\"}}]}<\/script>\n<!-- \/ Yoast SEO plugin. -->","yoast_head_json":{"title":"Licencias - Santiago Trigueros Composer","robots":{"index":"index","follow":"follow","max-snippet":"max-snippet:-1","max-image-preview":"max-image-preview:large","max-video-preview":"max-video-preview:-1"},"canonical":"https:\/\/santiagotrigueros.com\/index.php\/peticion\/","og_locale":"es_ES","og_type":"article","og_title":"Licencias - Santiago Trigueros Composer","og_description":"LICENCIA Puede obtener una licencia de uso para una de mis obras ya creadas. BAJO DEMANDA Composici\u00f3n musical bajo demanda para crear la m\u00fasica que usted desee. Tr\u00e1ilers, pel\u00edculas, cortos, videojuegos&#8230; sea cual sea el proyecto que tiene en mente, escr\u00edbame y le dar\u00e9 un presupuesto acorde. Composici\u00f3n, producci\u00f3n, mezcla y m\u00e1ster. Expl\u00edqueme su idea [&hellip;]","og_url":"https:\/\/santiagotrigueros.com\/index.php\/peticion\/","og_site_name":"Santiago Trigueros Composer","article_modified_time":"2020-12-15T16:13:22+00:00","og_image":[{"width":1920,"height":1079,"url":"https:\/\/i0.wp.com\/santiagotrigueros.com\/wp-content\/uploads\/2020\/08\/cropped-cropped-nota-de-prensa-hmma-2020-3.jpg?fit=1920%2C1079&ssl=1","type":"image\/jpeg"}],"twitter_card":"summary_large_image","schema":{"@context":"https:\/\/schema.org","@graph":[{"@type":"WebPage","@id":"https:\/\/santiagotrigueros.com\/index.php\/peticion\/","url":"https:\/\/santiagotrigueros.com\/index.php\/peticion\/","name":"Licencias - Santiago Trigueros Composer","isPartOf":{"@id":"https:\/\/santiagotrigueros.com\/#website"},"datePublished":"2020-03-17T16:01:56+00:00","dateModified":"2020-12-15T16:13:22+00:00","breadcrumb":{"@id":"https:\/\/santiagotrigueros.com\/index.php\/peticion\/#breadcrumb"},"inLanguage":"es","potentialAction":[{"@type":"ReadAction","target":["https:\/\/santiagotrigueros.com\/index.php\/peticion\/"]}]},{"@type":"BreadcrumbList","@id":"https:\/\/santiagotrigueros.com\/index.php\/peticion\/#breadcrumb","itemListElement":[{"@type":"ListItem","position":1,"name":"Home","item":"https:\/\/santiagotrigueros.com\/"},{"@type":"ListItem","position":2,"name":"Licencias"}]},{"@type":"WebSite","@id":"https:\/\/santiagotrigueros.com\/#website","url":"https:\/\/santiagotrigueros.com\/","name":"Santiago Trigueros Composer","description":"SANTIAGOTRIGUEROS.COM","publisher":{"@id":"https:\/\/santiagotrigueros.com\/#\/schema\/person\/bd1efe6fcc415973693b0420e99218be"},"potentialAction":[{"@type":"SearchAction","target":{"@type":"EntryPoint","urlTemplate":"https:\/\/santiagotrigueros.com\/?s={search_term_string}"},"query-input":{"@type":"PropertyValueSpecification","valueRequired":true,"valueName":"search_term_string"}}],"inLanguage":"es"},{"@type":["Person","Organization"],"@id":"https:\/\/santiagotrigueros.com\/#\/schema\/person\/bd1efe6fcc415973693b0420e99218be","name":"admin","image":{"@type":"ImageObject","inLanguage":"es","@id":"https:\/\/secure.gravatar.com\/avatar\/87966ebf0130a0cb7460bc8e4e2436bd11d03baef3ffee6f647697a36fbeafe5?s=96&d=mm&r=g","url":"https:\/\/secure.gravatar.com\/avatar\/87966ebf0130a0cb7460bc8e4e2436bd11d03baef3ffee6f647697a36fbeafe5?s=96&d=mm&r=g","contentUrl":"https:\/\/secure.gravatar.com\/avatar\/87966ebf0130a0cb7460bc8e4e2436bd11d03baef3ffee6f647697a36fbeafe5?s=96&d=mm&r=g","caption":"admin"},"logo":{"@id":"https:\/\/secure.gravatar.com\/avatar\/87966ebf0130a0cb7460bc8e4e2436bd11d03baef3ffee6f647697a36fbeafe5?s=96&d=mm&r=g"}}]}},"jetpack_sharing_enabled":true,"post_mailing_queue_ids":[],"_links":{"self":[{"href":"https:\/\/santiagotrigueros.com\/index.php\/wp-json\/wp\/v2\/pages\/287","targetHints":{"allow":["GET"]}}],"collection":[{"href":"https:\/\/santiagotrigueros.com\/index.php\/wp-json\/wp\/v2\/pages"}],"about":[{"href":"https:\/\/santiagotrigueros.com\/index.php\/wp-json\/wp\/v2\/types\/page"}],"author":[{"embeddable":true,"href":"https:\/\/santiagotrigueros.com\/index.php\/wp-json\/wp\/v2\/users\/1"}],"replies":[{"embeddable":true,"href":"https:\/\/santiagotrigueros.com\/index.php\/wp-json\/wp\/v2\/comments?post=287"}],"version-history":[{"count":0,"href":"https:\/\/santiagotrigueros.com\/index.php\/wp-json\/wp\/v2\/pages\/287\/revisions"}],"wp:attachment":[{"href":"https:\/\/santiagotrigueros.com\/index.php\/wp-json\/wp\/v2\/media?parent=287"}],"curies":[{"name":"wp","href":"https:\/\/api.w.org\/{rel}","templated":true}]}}