{"id":238,"date":"2019-12-08T01:53:40","date_gmt":"2019-12-08T01:53:40","guid":{"rendered":"https:\/\/santiagotrigueros.com\/?page_id=238"},"modified":"2021-09-07T13:15:20","modified_gmt":"2021-09-07T13:15:20","slug":"apoyame","status":"publish","type":"page","link":"https:\/\/santiagotrigueros.com\/index.php\/apoyame\/","title":{"rendered":"Ap\u00f3yame"},"content":{"rendered":"\t\t<div data-elementor-type=\"wp-page\" data-elementor-id=\"238\" class=\"elementor elementor-238\">\n\t\t\t\t\t\t<section class=\"elementor-section elementor-top-section elementor-element elementor-element-286fc0b elementor-section-boxed elementor-section-height-default elementor-section-height-default\" data-id=\"286fc0b\" data-element_type=\"section\" data-e-type=\"section\">\n\t\t\t\t\t\t<div class=\"elementor-container elementor-column-gap-default\">\n\t\t\t\t\t<div class=\"elementor-column elementor-col-100 elementor-top-column elementor-element elementor-element-7004ab2\" data-id=\"7004ab2\" data-element_type=\"column\" data-e-type=\"column\">\n\t\t\t<div class=\"elementor-widget-wrap elementor-element-populated\">\n\t\t\t\t\t\t<div class=\"elementor-element elementor-element-583507d elementor-widget elementor-widget-text-editor\" data-id=\"583507d\" data-element_type=\"widget\" data-e-type=\"widget\" data-widget_type=\"text-editor.default\">\n\t\t\t\t<div class=\"elementor-widget-container\">\n\t\t\t\t\t\t\t\t\t<p style=\"text-align: center;\">Puedes apoyarme comprando mi m\u00fasica y, adem\u00e1s, en \u00e9ste sitio.<\/p><p style=\"text-align: center;\">Gracias a ti podr\u00e9 seguir creando m\u00e1s m\u00fasica:<\/p>\t\t\t\t\t\t\t\t<\/div>\n\t\t\t\t<\/div>\n\t\t\t\t<div class=\"elementor-element elementor-element-0655ae7 elementor-widget elementor-widget-text-editor\" data-id=\"0655ae7\" data-element_type=\"widget\" data-e-type=\"widget\" data-widget_type=\"text-editor.default\">\n\t\t\t\t<div class=\"elementor-widget-container\">\n\t\t\t\t\t\t\t\t\t<p><a style=\"text-align: center;\" href=\"https:\/\/liberapay.com\/SantiagoTrigueros\/donate\"><img decoding=\"async\" class=\"aligncenter lazyload\" data-src=\"https:\/\/liberapay.com\/assets\/widgets\/donate.svg\" alt=\"Donate using Liberapay\" src=\"data:image\/svg+xml;base64,PHN2ZyB3aWR0aD0iMSIgaGVpZ2h0PSIxIiB4bWxucz0iaHR0cDovL3d3dy53My5vcmcvMjAwMC9zdmciPjwvc3ZnPg==\" \/><\/a><\/p>\t\t\t\t\t\t\t\t<\/div>\n\t\t\t\t<\/div>\n\t\t\t\t\t<\/div>\n\t\t<\/div>\n\t\t\t\t\t<\/div>\n\t\t<\/section>\n\t\t\t\t<\/div>\n\t\t","protected":false},"excerpt":{"rendered":"<p>Puedes apoyarme comprando mi m\u00fasica y, adem\u00e1s, en \u00e9ste sitio. Gracias a ti podr\u00e9 seguir creando m\u00e1s m\u00fasica:<\/p>\n","protected":false},"author":1,"featured_media":0,"parent":0,"menu_order":0,"comment_status":"closed","ping_status":"closed","template":"","meta":{"footnotes":""},"class_list":["post-238","page","type-page","status-publish","hentry"],"yoast_head":"<!-- This site is optimized with the Yoast SEO plugin v27.4 - https:\/\/yoast.com\/product\/yoast-seo-wordpress\/ -->\n<title>Ap\u00f3yame - Santiago Trigueros Composer<\/title>\n<meta name=\"robots\" content=\"index, follow, max-snippet:-1, max-image-preview:large, max-video-preview:-1\" \/>\n<link rel=\"canonical\" href=\"https:\/\/santiagotrigueros.com\/index.php\/apoyame\/\" \/>\n<meta property=\"og:locale\" content=\"es_ES\" \/>\n<meta property=\"og:type\" content=\"article\" \/>\n<meta property=\"og:title\" content=\"Ap\u00f3yame - Santiago Trigueros Composer\" \/>\n<meta property=\"og:description\" content=\"Puedes apoyarme comprando mi m\u00fasica y, adem\u00e1s, en \u00e9ste sitio. Gracias a ti podr\u00e9 seguir creando m\u00e1s m\u00fasica:\" \/>\n<meta property=\"og:url\" content=\"https:\/\/santiagotrigueros.com\/index.php\/apoyame\/\" \/>\n<meta property=\"og:site_name\" content=\"Santiago Trigueros Composer\" \/>\n<meta property=\"article:modified_time\" content=\"2021-09-07T13:15:20+00:00\" \/>\n<meta property=\"og:image\" content=\"https:\/\/liberapay.com\/assets\/widgets\/donate.svg\" \/>\n<meta name=\"twitter:card\" content=\"summary_large_image\" \/>\n<meta name=\"twitter:label1\" content=\"Tiempo de lectura\" \/>\n\t<meta name=\"twitter:data1\" content=\"1 minuto\" \/>\n<script type=\"application\/ld+json\" class=\"yoast-schema-graph\">{\"@context\":\"https:\\\/\\\/schema.org\",\"@graph\":[{\"@type\":\"WebPage\",\"@id\":\"https:\\\/\\\/santiagotrigueros.com\\\/index.php\\\/apoyame\\\/\",\"url\":\"https:\\\/\\\/santiagotrigueros.com\\\/index.php\\\/apoyame\\\/\",\"name\":\"Ap\u00f3yame - Santiago Trigueros Composer\",\"isPartOf\":{\"@id\":\"https:\\\/\\\/santiagotrigueros.com\\\/#website\"},\"primaryImageOfPage\":{\"@id\":\"https:\\\/\\\/santiagotrigueros.com\\\/index.php\\\/apoyame\\\/#primaryimage\"},\"image\":{\"@id\":\"https:\\\/\\\/santiagotrigueros.com\\\/index.php\\\/apoyame\\\/#primaryimage\"},\"thumbnailUrl\":\"https:\\\/\\\/liberapay.com\\\/assets\\\/widgets\\\/donate.svg\",\"datePublished\":\"2019-12-08T01:53:40+00:00\",\"dateModified\":\"2021-09-07T13:15:20+00:00\",\"breadcrumb\":{\"@id\":\"https:\\\/\\\/santiagotrigueros.com\\\/index.php\\\/apoyame\\\/#breadcrumb\"},\"inLanguage\":\"es\",\"potentialAction\":[{\"@type\":\"ReadAction\",\"target\":[\"https:\\\/\\\/santiagotrigueros.com\\\/index.php\\\/apoyame\\\/\"]}]},{\"@type\":\"ImageObject\",\"inLanguage\":\"es\",\"@id\":\"https:\\\/\\\/santiagotrigueros.com\\\/index.php\\\/apoyame\\\/#primaryimage\",\"url\":\"https:\\\/\\\/liberapay.com\\\/assets\\\/widgets\\\/donate.svg\",\"contentUrl\":\"https:\\\/\\\/liberapay.com\\\/assets\\\/widgets\\\/donate.svg\"},{\"@type\":\"BreadcrumbList\",\"@id\":\"https:\\\/\\\/santiagotrigueros.com\\\/index.php\\\/apoyame\\\/#breadcrumb\",\"itemListElement\":[{\"@type\":\"ListItem\",\"position\":1,\"name\":\"Home\",\"item\":\"https:\\\/\\\/santiagotrigueros.com\\\/\"},{\"@type\":\"ListItem\",\"position\":2,\"name\":\"Ap\u00f3yame\"}]},{\"@type\":\"WebSite\",\"@id\":\"https:\\\/\\\/santiagotrigueros.com\\\/#website\",\"url\":\"https:\\\/\\\/santiagotrigueros.com\\\/\",\"name\":\"Santiago Trigueros Composer\",\"description\":\"SANTIAGOTRIGUEROS.COM\",\"publisher\":{\"@id\":\"https:\\\/\\\/santiagotrigueros.com\\\/#\\\/schema\\\/person\\\/bd1efe6fcc415973693b0420e99218be\"},\"potentialAction\":[{\"@type\":\"SearchAction\",\"target\":{\"@type\":\"EntryPoint\",\"urlTemplate\":\"https:\\\/\\\/santiagotrigueros.com\\\/?s={search_term_string}\"},\"query-input\":{\"@type\":\"PropertyValueSpecification\",\"valueRequired\":true,\"valueName\":\"search_term_string\"}}],\"inLanguage\":\"es\"},{\"@type\":[\"Person\",\"Organization\"],\"@id\":\"https:\\\/\\\/santiagotrigueros.com\\\/#\\\/schema\\\/person\\\/bd1efe6fcc415973693b0420e99218be\",\"name\":\"admin\",\"image\":{\"@type\":\"ImageObject\",\"inLanguage\":\"es\",\"@id\":\"https:\\\/\\\/secure.gravatar.com\\\/avatar\\\/87966ebf0130a0cb7460bc8e4e2436bd11d03baef3ffee6f647697a36fbeafe5?s=96&d=mm&r=g\",\"url\":\"https:\\\/\\\/secure.gravatar.com\\\/avatar\\\/87966ebf0130a0cb7460bc8e4e2436bd11d03baef3ffee6f647697a36fbeafe5?s=96&d=mm&r=g\",\"contentUrl\":\"https:\\\/\\\/secure.gravatar.com\\\/avatar\\\/87966ebf0130a0cb7460bc8e4e2436bd11d03baef3ffee6f647697a36fbeafe5?s=96&d=mm&r=g\",\"caption\":\"admin\"},\"logo\":{\"@id\":\"https:\\\/\\\/secure.gravatar.com\\\/avatar\\\/87966ebf0130a0cb7460bc8e4e2436bd11d03baef3ffee6f647697a36fbeafe5?s=96&d=mm&r=g\"}}]}<\/script>\n<!-- \/ Yoast SEO plugin. -->","yoast_head_json":{"title":"Ap\u00f3yame - Santiago Trigueros Composer","robots":{"index":"index","follow":"follow","max-snippet":"max-snippet:-1","max-image-preview":"max-image-preview:large","max-video-preview":"max-video-preview:-1"},"canonical":"https:\/\/santiagotrigueros.com\/index.php\/apoyame\/","og_locale":"es_ES","og_type":"article","og_title":"Ap\u00f3yame - Santiago Trigueros Composer","og_description":"Puedes apoyarme comprando mi m\u00fasica y, adem\u00e1s, en \u00e9ste sitio. Gracias a ti podr\u00e9 seguir creando m\u00e1s m\u00fasica:","og_url":"https:\/\/santiagotrigueros.com\/index.php\/apoyame\/","og_site_name":"Santiago Trigueros Composer","article_modified_time":"2021-09-07T13:15:20+00:00","og_image":[{"url":"https:\/\/liberapay.com\/assets\/widgets\/donate.svg","type":"","width":"","height":""}],"twitter_card":"summary_large_image","twitter_misc":{"Tiempo de lectura":"1 minuto"},"schema":{"@context":"https:\/\/schema.org","@graph":[{"@type":"WebPage","@id":"https:\/\/santiagotrigueros.com\/index.php\/apoyame\/","url":"https:\/\/santiagotrigueros.com\/index.php\/apoyame\/","name":"Ap\u00f3yame - Santiago Trigueros Composer","isPartOf":{"@id":"https:\/\/santiagotrigueros.com\/#website"},"primaryImageOfPage":{"@id":"https:\/\/santiagotrigueros.com\/index.php\/apoyame\/#primaryimage"},"image":{"@id":"https:\/\/santiagotrigueros.com\/index.php\/apoyame\/#primaryimage"},"thumbnailUrl":"https:\/\/liberapay.com\/assets\/widgets\/donate.svg","datePublished":"2019-12-08T01:53:40+00:00","dateModified":"2021-09-07T13:15:20+00:00","breadcrumb":{"@id":"https:\/\/santiagotrigueros.com\/index.php\/apoyame\/#breadcrumb"},"inLanguage":"es","potentialAction":[{"@type":"ReadAction","target":["https:\/\/santiagotrigueros.com\/index.php\/apoyame\/"]}]},{"@type":"ImageObject","inLanguage":"es","@id":"https:\/\/santiagotrigueros.com\/index.php\/apoyame\/#primaryimage","url":"https:\/\/liberapay.com\/assets\/widgets\/donate.svg","contentUrl":"https:\/\/liberapay.com\/assets\/widgets\/donate.svg"},{"@type":"BreadcrumbList","@id":"https:\/\/santiagotrigueros.com\/index.php\/apoyame\/#breadcrumb","itemListElement":[{"@type":"ListItem","position":1,"name":"Home","item":"https:\/\/santiagotrigueros.com\/"},{"@type":"ListItem","position":2,"name":"Ap\u00f3yame"}]},{"@type":"WebSite","@id":"https:\/\/santiagotrigueros.com\/#website","url":"https:\/\/santiagotrigueros.com\/","name":"Santiago Trigueros Composer","description":"SANTIAGOTRIGUEROS.COM","publisher":{"@id":"https:\/\/santiagotrigueros.com\/#\/schema\/person\/bd1efe6fcc415973693b0420e99218be"},"potentialAction":[{"@type":"SearchAction","target":{"@type":"EntryPoint","urlTemplate":"https:\/\/santiagotrigueros.com\/?s={search_term_string}"},"query-input":{"@type":"PropertyValueSpecification","valueRequired":true,"valueName":"search_term_string"}}],"inLanguage":"es"},{"@type":["Person","Organization"],"@id":"https:\/\/santiagotrigueros.com\/#\/schema\/person\/bd1efe6fcc415973693b0420e99218be","name":"admin","image":{"@type":"ImageObject","inLanguage":"es","@id":"https:\/\/secure.gravatar.com\/avatar\/87966ebf0130a0cb7460bc8e4e2436bd11d03baef3ffee6f647697a36fbeafe5?s=96&d=mm&r=g","url":"https:\/\/secure.gravatar.com\/avatar\/87966ebf0130a0cb7460bc8e4e2436bd11d03baef3ffee6f647697a36fbeafe5?s=96&d=mm&r=g","contentUrl":"https:\/\/secure.gravatar.com\/avatar\/87966ebf0130a0cb7460bc8e4e2436bd11d03baef3ffee6f647697a36fbeafe5?s=96&d=mm&r=g","caption":"admin"},"logo":{"@id":"https:\/\/secure.gravatar.com\/avatar\/87966ebf0130a0cb7460bc8e4e2436bd11d03baef3ffee6f647697a36fbeafe5?s=96&d=mm&r=g"}}]}},"jetpack_sharing_enabled":true,"post_mailing_queue_ids":[],"_links":{"self":[{"href":"https:\/\/santiagotrigueros.com\/index.php\/wp-json\/wp\/v2\/pages\/238","targetHints":{"allow":["GET"]}}],"collection":[{"href":"https:\/\/santiagotrigueros.com\/index.php\/wp-json\/wp\/v2\/pages"}],"about":[{"href":"https:\/\/santiagotrigueros.com\/index.php\/wp-json\/wp\/v2\/types\/page"}],"author":[{"embeddable":true,"href":"https:\/\/santiagotrigueros.com\/index.php\/wp-json\/wp\/v2\/users\/1"}],"replies":[{"embeddable":true,"href":"https:\/\/santiagotrigueros.com\/index.php\/wp-json\/wp\/v2\/comments?post=238"}],"version-history":[{"count":0,"href":"https:\/\/santiagotrigueros.com\/index.php\/wp-json\/wp\/v2\/pages\/238\/revisions"}],"wp:attachment":[{"href":"https:\/\/santiagotrigueros.com\/index.php\/wp-json\/wp\/v2\/media?parent=238"}],"curies":[{"name":"wp","href":"https:\/\/api.w.org\/{rel}","templated":true}]}}